{"id":2415,"date":"2024-09-12T15:54:59","date_gmt":"2024-09-12T13:54:59","guid":{"rendered":"https:\/\/www.malerbehringer.de\/?page_id=2415"},"modified":"2024-09-12T15:54:59","modified_gmt":"2024-09-12T13:54:59","slug":"startseite-firmenschliessung","status":"publish","type":"page","link":"https:\/\/www.malerbehringer.de\/startseite-firmenschliessung\/","title":{"rendered":"Startseite Firmenschlie\u00dfung"},"content":{"rendered":"<p>Liebe Kunden, Partner und Freunde,<\/p>\n<p>mit Bedauern m\u00f6chten wir Ihnen mitteilen, dass unsere Gesch\u00e4ftst\u00e4tigkeit einstellen werden.<\/p>\n<p>Diese Entscheidung ist uns nicht leicht gefallen, und wir bedanken uns herzlich f\u00fcr Ihr Vertrauen und Ihre Unterst\u00fctzung in den vergangenen Jahren.<\/p>\n<p>Wir danken Ihnen von Herzen f\u00fcr Ihre langj\u00e4hrige Unterst\u00fctzung und Partnerschaft. Es war uns eine Freude, mit Ihnen zusammenzuarbeiten. Wir w\u00fcnschen Ihnen alles Gute f\u00fcr die Zukunft.<\/p>\n<p>Mit freundlichen Gr\u00fc\u00dfen<\/p>\n<p>&nbsp;<\/p>\n<p>Holger Behringer<\/p>\n<p>&nbsp;<\/p>\n","protected":false},"excerpt":{"rendered":"<p>Liebe Kunden, Partner und Freunde, mit Bedauern m\u00f6chten wir Ihnen mitteilen, dass unsere Gesch\u00e4ftst\u00e4tigkeit einstellen werden. Diese Entscheidung ist uns nicht leicht gefallen, und wir bedanken uns herzlich f\u00fcr Ihr Vertrauen und Ihre Unterst\u00fctzung in den vergangenen Jahren. Wir danken Ihnen von Herzen f\u00fcr Ihre langj\u00e4hrige Unterst\u00fctzung und Partnerschaft. Es war uns eine Freude, mit [&hellip;]<\/p>\n","protected":false},"author":4,"featured_media":0,"parent":0,"menu_order":0,"comment_status":"closed","ping_status":"closed","template":"","meta":{"footnotes":""},"class_list":["post-2415","page","type-page","status-publish","hentry","post"],"yoast_head":"<!-- This site is optimized with the Yoast SEO plugin v25.6 - https:\/\/yoast.com\/wordpress\/plugins\/seo\/ -->\n<title>Startseite Firmenschlie\u00dfung -<\/title>\n<meta name=\"robots\" content=\"index, follow, max-snippet:-1, max-image-preview:large, max-video-preview:-1\" \/>\n<link rel=\"canonical\" href=\"https:\/\/www.malerbehringer.de\/startseite-firmenschliessung\/\" \/>\n<meta property=\"og:locale\" content=\"de_DE\" \/>\n<meta property=\"og:type\" content=\"article\" \/>\n<meta property=\"og:title\" content=\"Startseite Firmenschlie\u00dfung -\" \/>\n<meta property=\"og:description\" content=\"Liebe Kunden, Partner und Freunde, mit Bedauern m\u00f6chten wir Ihnen mitteilen, dass unsere Gesch\u00e4ftst\u00e4tigkeit einstellen werden. Diese Entscheidung ist uns nicht leicht gefallen, und wir bedanken uns herzlich f\u00fcr Ihr Vertrauen und Ihre Unterst\u00fctzung in den vergangenen Jahren. Wir danken Ihnen von Herzen f\u00fcr Ihre langj\u00e4hrige Unterst\u00fctzung und Partnerschaft. Es war uns eine Freude, mit [&hellip;]\" \/>\n<meta property=\"og:url\" content=\"https:\/\/www.malerbehringer.de\/startseite-firmenschliessung\/\" \/>\n<meta name=\"twitter:card\" content=\"summary_large_image\" \/>\n<meta name=\"twitter:label1\" content=\"Gesch\u00e4tzte Lesezeit\" \/>\n\t<meta name=\"twitter:data1\" content=\"1\u00a0Minute\" \/>\n<script type=\"application\/ld+json\" class=\"yoast-schema-graph\">{\"@context\":\"https:\/\/schema.org\",\"@graph\":[{\"@type\":\"WebPage\",\"@id\":\"https:\/\/www.malerbehringer.de\/startseite-firmenschliessung\/\",\"url\":\"https:\/\/www.malerbehringer.de\/startseite-firmenschliessung\/\",\"name\":\"Startseite Firmenschlie\u00dfung -\",\"isPartOf\":{\"@id\":\"https:\/\/www.malerbehringer.de\/startseite-firmenschliessung\/#website\"},\"datePublished\":\"2024-09-12T13:54:59+00:00\",\"breadcrumb\":{\"@id\":\"https:\/\/www.malerbehringer.de\/startseite-firmenschliessung\/#breadcrumb\"},\"inLanguage\":\"de\",\"potentialAction\":[{\"@type\":\"ReadAction\",\"target\":[\"https:\/\/www.malerbehringer.de\/startseite-firmenschliessung\/\"]}]},{\"@type\":\"BreadcrumbList\",\"@id\":\"https:\/\/www.malerbehringer.de\/startseite-firmenschliessung\/#breadcrumb\",\"itemListElement\":[{\"@type\":\"ListItem\",\"position\":1,\"name\":\"Startseite\",\"item\":\"https:\/\/www.malerbehringer.de\/startseite-firmenschliessung\/\"},{\"@type\":\"ListItem\",\"position\":2,\"name\":\"Startseite Firmenschlie\u00dfung\"}]},{\"@type\":\"WebSite\",\"@id\":\"https:\/\/www.malerbehringer.de\/startseite-firmenschliessung\/#website\",\"url\":\"https:\/\/www.malerbehringer.de\/startseite-firmenschliessung\/\",\"name\":\"\",\"description\":\"\",\"potentialAction\":[{\"@type\":\"SearchAction\",\"target\":{\"@type\":\"EntryPoint\",\"urlTemplate\":\"https:\/\/www.malerbehringer.de\/startseite-firmenschliessung\/?s={search_term_string}\"},\"query-input\":{\"@type\":\"PropertyValueSpecification\",\"valueRequired\":true,\"valueName\":\"search_term_string\"}}],\"inLanguage\":\"de\"}]}<\/script>\n<!-- \/ Yoast SEO plugin. -->","yoast_head_json":{"title":"Startseite Firmenschlie\u00dfung -","robots":{"index":"index","follow":"follow","max-snippet":"max-snippet:-1","max-image-preview":"max-image-preview:large","max-video-preview":"max-video-preview:-1"},"canonical":"https:\/\/www.malerbehringer.de\/startseite-firmenschliessung\/","og_locale":"de_DE","og_type":"article","og_title":"Startseite Firmenschlie\u00dfung -","og_description":"Liebe Kunden, Partner und Freunde, mit Bedauern m\u00f6chten wir Ihnen mitteilen, dass unsere Gesch\u00e4ftst\u00e4tigkeit einstellen werden. Diese Entscheidung ist uns nicht leicht gefallen, und wir bedanken uns herzlich f\u00fcr Ihr Vertrauen und Ihre Unterst\u00fctzung in den vergangenen Jahren. Wir danken Ihnen von Herzen f\u00fcr Ihre langj\u00e4hrige Unterst\u00fctzung und Partnerschaft. Es war uns eine Freude, mit [&hellip;]","og_url":"https:\/\/www.malerbehringer.de\/startseite-firmenschliessung\/","twitter_card":"summary_large_image","twitter_misc":{"Gesch\u00e4tzte Lesezeit":"1\u00a0Minute"},"schema":{"@context":"https:\/\/schema.org","@graph":[{"@type":"WebPage","@id":"https:\/\/www.malerbehringer.de\/startseite-firmenschliessung\/","url":"https:\/\/www.malerbehringer.de\/startseite-firmenschliessung\/","name":"Startseite Firmenschlie\u00dfung -","isPartOf":{"@id":"https:\/\/www.malerbehringer.de\/startseite-firmenschliessung\/#website"},"datePublished":"2024-09-12T13:54:59+00:00","breadcrumb":{"@id":"https:\/\/www.malerbehringer.de\/startseite-firmenschliessung\/#breadcrumb"},"inLanguage":"de","potentialAction":[{"@type":"ReadAction","target":["https:\/\/www.malerbehringer.de\/startseite-firmenschliessung\/"]}]},{"@type":"BreadcrumbList","@id":"https:\/\/www.malerbehringer.de\/startseite-firmenschliessung\/#breadcrumb","itemListElement":[{"@type":"ListItem","position":1,"name":"Startseite","item":"https:\/\/www.malerbehringer.de\/startseite-firmenschliessung\/"},{"@type":"ListItem","position":2,"name":"Startseite Firmenschlie\u00dfung"}]},{"@type":"WebSite","@id":"https:\/\/www.malerbehringer.de\/startseite-firmenschliessung\/#website","url":"https:\/\/www.malerbehringer.de\/startseite-firmenschliessung\/","name":"","description":"","potentialAction":[{"@type":"SearchAction","target":{"@type":"EntryPoint","urlTemplate":"https:\/\/www.malerbehringer.de\/startseite-firmenschliessung\/?s={search_term_string}"},"query-input":{"@type":"PropertyValueSpecification","valueRequired":true,"valueName":"search_term_string"}}],"inLanguage":"de"}]}},"_links":{"self":[{"href":"https:\/\/www.malerbehringer.de\/startseite-firmenschliessung\/wp-json\/wp\/v2\/pages\/2415"}],"collection":[{"href":"https:\/\/www.malerbehringer.de\/startseite-firmenschliessung\/wp-json\/wp\/v2\/pages"}],"about":[{"href":"https:\/\/www.malerbehringer.de\/startseite-firmenschliessung\/wp-json\/wp\/v2\/types\/page"}],"author":[{"embeddable":true,"href":"https:\/\/www.malerbehringer.de\/startseite-firmenschliessung\/wp-json\/wp\/v2\/users\/4"}],"replies":[{"embeddable":true,"href":"https:\/\/www.malerbehringer.de\/startseite-firmenschliessung\/wp-json\/wp\/v2\/comments?post=2415"}],"version-history":[{"count":1,"href":"https:\/\/www.malerbehringer.de\/startseite-firmenschliessung\/wp-json\/wp\/v2\/pages\/2415\/revisions"}],"predecessor-version":[{"id":2416,"href":"https:\/\/www.malerbehringer.de\/startseite-firmenschliessung\/wp-json\/wp\/v2\/pages\/2415\/revisions\/2416"}],"wp:attachment":[{"href":"https:\/\/www.malerbehringer.de\/startseite-firmenschliessung\/wp-json\/wp\/v2\/media?parent=2415"}],"curies":[{"name":"wp","href":"https:\/\/api.w.org\/{rel}","templated":true}]}}