{"id":483,"date":"2016-11-11T10:09:05","date_gmt":"2016-11-11T09:09:05","guid":{"rendered":"http:\/\/www.malerbehringer.de\/wordpress\/?page_id=483"},"modified":"2023-05-11T07:32:34","modified_gmt":"2023-05-11T05:32:34","slug":"impressum","status":"publish","type":"page","link":"https:\/\/www.malerbehringer.de\/startseite-firmenschliessung\/impressum\/","title":{"rendered":"Impressum"},"content":{"rendered":"<div id=\"pl-483\"  class=\"panel-layout\" ><div id=\"pg-483-0\"  class=\"panel-grid panel-has-style\" ><div class=\"siteorigin-panels-stretch panel-row-style panel-row-style-for-483-0\" data-stretch-type=\"full-stretched\" ><div id=\"pgc-483-0-0\"  class=\"panel-grid-cell\" ><div id=\"panel-483-0-0-0\" class=\"widget_text so-panel widget widget_custom_html panel-first-child panel-last-child\" data-index=\"0\" ><div class=\"textwidget custom-html-widget\">\n\t\t<!-- MasterSlider -->\n\t\t<div id=\"P_MS69dff4fd87bbc\" class=\"master-slider-parent msl ms-parent-id-2\" style=\"\">\n\n\t\t\t\n\t\t\t<!-- MasterSlider Main -->\n\t\t\t<div id=\"MS69dff4fd87bbc\" class=\"master-slider ms-skin-default\" >\n\t\t\t\t \t\t\t\t \n\t\t\t\t<div  class=\"ms-slide\" data-delay=\"3\" data-fill-mode=\"fill\"  >\n\t\t\t\t\t<img decoding=\"async\" src=\"https:\/\/www.malerbehringer.de\/wordpress\/wp-content\/plugins\/master-slider\/public\/assets\/css\/blank.gif\" alt=\"\" title=\"\" data-src=\"https:\/\/www.malerbehringer.de\/wordpress\/wp-content\/uploads\/2018\/11\/slider_full2.png\" \/>\n\n\n\t<div class=\"ms-thumb\" ><div class=\"ms-tab-context\"><div class=\"&quot;ms-tab-context&quot;\"><\/div><\/div>\n<\/div>\n\t\t\t\t<\/div>\n\t\t\t\t<div  class=\"ms-slide\" data-delay=\"3\" data-fill-mode=\"fill\"  >\n\t\t\t\t\t<img decoding=\"async\" src=\"https:\/\/www.malerbehringer.de\/wordpress\/wp-content\/plugins\/master-slider\/public\/assets\/css\/blank.gif\" alt=\"\" title=\"\" data-src=\"https:\/\/www.malerbehringer.de\/wordpress\/wp-content\/uploads\/2018\/09\/slider_full.png\" \/>\n\n\n\t<div class=\"ms-thumb\" ><div class=\"ms-tab-context\"><div class=\"&quot;ms-tab-context&quot;\"><\/div><\/div>\n<\/div>\n\t\t\t\t<\/div>\n\t\t\t\t<div  class=\"ms-slide\" data-delay=\"3\" data-fill-mode=\"fill\"  >\n\t\t\t\t\t<img decoding=\"async\" src=\"https:\/\/www.malerbehringer.de\/wordpress\/wp-content\/plugins\/master-slider\/public\/assets\/css\/blank.gif\" alt=\"\" title=\"\" data-src=\"https:\/\/www.malerbehringer.de\/wordpress\/wp-content\/uploads\/2018\/12\/Slider-Bauernpfad.jpg\" \/>\n\n\n\t<div class=\"ms-thumb\" ><div class=\"ms-tab-context\"><div class=\"&quot;ms-tab-context&quot;\"><\/div><\/div>\n<\/div>\n\t\t\t\t<\/div>\n\t\t\t\t<div  class=\"ms-slide\" data-delay=\"3\" data-fill-mode=\"fill\"  >\n\t\t\t\t\t<img decoding=\"async\" src=\"https:\/\/www.malerbehringer.de\/wordpress\/wp-content\/plugins\/master-slider\/public\/assets\/css\/blank.gif\" alt=\"\" title=\"\" data-src=\"https:\/\/www.malerbehringer.de\/wordpress\/wp-content\/uploads\/2018\/12\/Slider-voba-ft.jpg\" \/>\n\n\n\t<div class=\"ms-thumb\" ><div class=\"ms-tab-context\"><div class=\"&quot;ms-tab-context&quot;\"><\/div><\/div>\n<\/div>\n\t\t\t\t<\/div>\n\n\t\t\t<\/div>\n\t\t\t<!-- END MasterSlider Main -->\n\n\t\t\t \n\t\t<\/div>\n\t\t<!-- END MasterSlider -->\n\n\t\t<script>\n\t\t(function ( $ ) {\n\t\t\t\"use strict\";\n\n\t\t\t$(function () {\n\t\t\t\tvar masterslider_7bbc = new MasterSlider();\n\n\t\t\t\t\/\/ slider controls\n\n\t\t\t\t\/\/ slider setup\n\t\t\t\tmasterslider_7bbc.setup(\"MS69dff4fd87bbc\", {\n\t\t\t\t\t\twidth           : 2000,\n\t\t\t\t\t\theight          : 335,\n\t\t\t\t\t\tminHeight       : 0,\n\t\t\t\t\t\tspace           : 0,\n\t\t\t\t\t\tstart           : 1,\n\t\t\t\t\t\tgrabCursor      : true,\n\t\t\t\t\t\tswipe           : true,\n\t\t\t\t\t\tmouse           : true,\n\t\t\t\t\t\tlayout          : \"fullwidth\",\n\t\t\t\t\t\twheel           : false,\n\t\t\t\t\t\tautoplay        : true,\n\t\t\t\t\t\tinstantStartLayers:false,\n\t\t\t\t\t\tloop            : true,\n\t\t\t\t\t\tshuffle         : false,\n\t\t\t\t\t\tpreload         : 0,\n\t\t\t\t\t\theightLimit     : true,\n\t\t\t\t\t\tautoHeight      : true,\n\t\t\t\t\t\tsmoothHeight    : true,\n\t\t\t\t\t\tendPause        : false,\n\t\t\t\t\t\toverPause       : true,\n\t\t\t\t\t\tfillMode        : \"fill\",\n\t\t\t\t\t\tcenterControls  : true,\n\t\t\t\t\t\tstartOnAppear   : false,\n\t\t\t\t\t\tlayersMode      : \"center\",\n\t\t\t\t\t\thideLayers      : false,\n\t\t\t\t\t\tfullscreenMargin: 0,\n\t\t\t\t\t\tspeed           : 20,\n\t\t\t\t\t\tdir             : \"h\",\n\t\t\t\t\t\tparallaxMode    : 'swipe',\n\t\t\t\t\t\tview            : \"fade\"\n\t\t\t\t});\n\n\t\t\t\t\n\t\t\t\twindow.masterslider_instances = window.masterslider_instances || [];\n\t\t\t\twindow.masterslider_instances.push( masterslider_7bbc );\n\t\t\t });\n\n\t\t})(jQuery);\n\t\t<\/script>\n\n<\/div><\/div><\/div><\/div><\/div><div id=\"pg-483-1\"  class=\"panel-grid panel-no-style\" ><div id=\"pgc-483-1-0\"  class=\"panel-grid-cell\" ><div id=\"panel-483-1-0-0\" class=\"so-panel widget widget_sow-headline panel-first-child panel-last-child\" data-index=\"1\" ><div\n\t\t\t\n\t\t\tclass=\"so-widget-sow-headline so-widget-sow-headline-default-9daad53686eb-483\"\n\t\t\t\n\t\t><div class=\"sow-headline-container \">\n\t\t\t\t\t\t\t<h1 class=\"sow-headline\">\n\t\t\t\t\t\tImpressum\t\t\t\t\t\t<\/h1>\n\t\t\t\t\t\t\t\t\t\t\t<div class=\"decoration\">\n\t\t\t\t\t\t<div class=\"decoration-inside\"><\/div>\n\t\t\t\t\t<\/div>\n\t\t\t\t\t<\/div>\n<\/div><\/div><\/div><\/div><div id=\"pg-483-2\"  class=\"panel-grid panel-no-style\" ><div id=\"pgc-483-2-0\"  class=\"panel-grid-cell panel-grid-cell-empty\" ><\/div><div id=\"pgc-483-2-1\"  class=\"panel-grid-cell panel-grid-cell-mobile-last\" ><div id=\"panel-483-2-1-0\" class=\"so-panel widget widget_sow-editor panel-first-child panel-last-child\" data-index=\"2\" ><div class=\"panel-widget-style panel-widget-style-for-483-2-1-0\" ><div\n\t\t\t\n\t\t\tclass=\"so-widget-sow-editor so-widget-sow-editor-base\"\n\t\t\t\n\t\t>\n<div class=\"siteorigin-widget-tinymce textwidget\">\n\t<p>Verantwortlich f\u00fcr den Inhalt:<\/p>\n<p align=\"left\">Holger\u00a0 Behringer<\/p>\n<p align=\"left\">Inh. Ilse Behringer<\/p>\n<p align=\"left\">R\u00fcbezahlweg 43<br \/>\n97084 W\u00fcrzburg<\/p>\n<p align=\"justify\">Tel. 0931 \/ 61 93 453<br \/>\nFax. 0931 \/ 61 93 483<br \/>\nMobil. 0172 \/ 66 12 443<\/p>\n<p>Betriebsnummer der Handwerkskammer W\u00fcrzburg<br \/>\n1301739<\/p>\n<p>Betriebshaftpflicht<br \/>\nGP8106552<\/p>\n<p><strong>Haftung f\u00fcr Inhalte<\/strong><\/p>\n<p>Die Inhalte unserer Seiten wurden mit gr\u00f6\u00dfter Sorgfalt erstellt. F\u00fcr die Richtigkeit, Vollst\u00e4ndigkeit und Aktualit\u00e4t der Inhalte k\u00f6nnen wir jedoch keine Gew\u00e4hr \u00fcbernehmen. Als Diensteanbieter sind wir gem\u00e4\u00df \u00a7 7 Abs.1 TMG f\u00fcr eigene Inhalte auf diesen Seiten nach den allgemeinen Gesetzen verantwortlich. Nach \u00a7\u00a7 8 bis 10 TMG sind wir als Diensteanbieter jedoch nicht verpflichtet, \u00fcbermittelte oder gespeicherte fremde Informationen zu \u00fcberwachen oder nach Umst\u00e4nden zu forschen, die auf eine rechtswidrige T\u00e4tigkeit hinweisen. Verpflichtungen zur Entfernung oder Sperrung der Nutzung von Informationen nach den allgemeinen Gesetzen bleiben hiervon unber\u00fchrt. Eine diesbez\u00fcgliche Haftung ist jedoch erst ab dem Zeitpunkt der Kenntnis einer konkreten Rechtsverletzung m\u00f6glich. Bei Bekanntwerden von entsprechenden Rechtsverletzungen werden wir diese Inhalte umgehend entfernen.<\/p>\n<p><strong>Haftung f\u00fcr Links<\/strong><\/p>\n<p>Unser Angebot enth\u00e4lt Links zu externen Webseiten Dritter, auf deren Inhalte wir keinen Einfluss haben. Deshalb k\u00f6nnen wir f\u00fcr diese fremden Inhalte auch keine Gew\u00e4hr \u00fcbernehmen. F\u00fcr die Inhalte der verlinkten Seiten ist stets der jeweilige Anbieter oder Betreiber der Seiten verantwortlich. Die verlinkten Seiten wurden zum Zeitpunkt der Verlinkung auf m\u00f6gliche Rechtsverst\u00f6\u00dfe \u00fcberpr\u00fcft. Rechtswidrige Inhalte waren zum Zeitpunkt der Verlinkung nicht erkennbar. Eine permanente inhaltliche Kontrolle der verlinkten Seiten ist jedoch ohne konkrete Anhaltspunkte einer Rechtsverletzung nicht zumutbar. Bei Bekanntwerden von Rechtsverletzungen werden wir derartige Links umgehend entfernen.<\/p>\n<p><strong>Urheberrecht<\/strong><\/p>\n<p>Die durch die Seitenbetreiber erstellten Inhalte und Werke auf diesen Seiten unterliegen dem deutschen Urheberrecht. Die Vervielf\u00e4ltigung, Bearbeitung, Verbreitung und jede Art der Verwertung au\u00dferhalb der Grenzen des Urheberrechtes bed\u00fcrfen der schriftlichen Zustimmung des jeweiligen Autors bzw. Erstellers. Downloads und Kopien dieser Seite sind nur f\u00fcr den privaten, nicht kommerziellen Gebrauch gestattet. Soweit die Inhalte auf dieser Seite nicht vom Betreiber erstellt wurden, werden die Urheberrechte Dritter beachtet. Insbesondere werden Inhalte Dritter als solche gekennzeichnet. Sollten Sie trotzdem auf eine Urheberrechtsverletzung aufmerksam werden, bitten wir um einen entsprechenden Hinweis. Bei Bekanntwerden von Rechtsverletzungen werden wir derartige Inhalte umgehend entfernen.<\/p>\n<p><strong>Streitbeilegungsverfahren<\/strong><\/p>\n<p>Die EU-Kommission bietet die M\u00f6glichkeit zur Online-Streitbeilegung auf einer von ihr betriebenen Online-Plattform. Diese Plattform ist \u00fcber den externen Link <a href=\"http:\/\/ec.europa.eu\/consumers\/odr\/\" target=\"_blank\" rel=\"noopener\">http:\/\/ec.europa.eu\/consumers\/odr\/<\/a> zu erreichen.<\/p>\n<p>Zu einer Teilnahme an einem Schlichtungsverfahren sind wir nicht verpflichtet und k\u00f6nnen die Teilnahme an einem solchen Verfahren nicht anbieten.<\/p>\n<p>Wir nehmen nicht an einem Streitbeilegungsverfahren vor einer Verbraucherschlichtungsstelle teil. Das Gesetzes \u00fcber die alternative Streitbeilegung in Verbrauchersachen fordert aber, dass wir Sie trotzdem auf eine f\u00fcr Sie zust\u00e4ndige Verbraucherschlichtungsstelle hinweisen:<\/p>\n<p>Allgemeine Verbraucherschlichtungsstelle des Zentrums f\u00fcr Schlichtung e. V. \u00a0| \u00a0Stra\u00dfburger Str. 8 | \u00a077694 Kehl \u00a0| \u00a0<a href=\"https:\/\/www.verbraucher-schlichter.de\" target=\"_blank\" rel=\"noopener\">www.verbraucher-schlichter.de<\/a><\/p>\n<p>Quellen: Disclaimer von eRecht24, dem Portal zum Internetrecht von Rechtsanwalt S\u00f6ren Siebert<\/p>\n<\/div>\n<\/div><\/div><\/div><\/div><div id=\"pgc-483-2-2\"  class=\"panel-grid-cell panel-grid-cell-empty\" ><\/div><\/div><\/div>","protected":false},"excerpt":{"rendered":"<p>Impressum Verantwortlich f\u00fcr den Inhalt: Holger\u00a0 Behringer Inh. Ilse Behringer R\u00fcbezahlweg 43 97084 W\u00fcrzburg Tel. 0931 \/ 61 93 453 Fax. 0931 \/ 61 93 483 Mobil. 0172 \/ 66 12 443 Betriebsnummer der Handwerkskammer W\u00fcrzburg 1301739 Betriebshaftpflicht GP8106552 Haftung f\u00fcr Inhalte Die Inhalte unserer Seiten wurden mit gr\u00f6\u00dfter Sorgfalt erstellt. F\u00fcr die Richtigkeit, Vollst\u00e4ndigkeit [&hellip;]<\/p>\n","protected":false},"author":4,"featured_media":0,"parent":0,"menu_order":0,"comment_status":"closed","ping_status":"closed","template":"","meta":{"footnotes":""},"class_list":["post-483","page","type-page","status-publish","hentry","post"],"yoast_head":"<!-- This site is optimized with the Yoast SEO plugin v25.6 - https:\/\/yoast.com\/wordpress\/plugins\/seo\/ -->\n<title>Impressum -<\/title>\n<meta name=\"robots\" content=\"index, follow, max-snippet:-1, max-image-preview:large, max-video-preview:-1\" \/>\n<link rel=\"canonical\" href=\"https:\/\/www.malerbehringer.de\/startseite-firmenschliessung\/impressum\/\" \/>\n<meta property=\"og:locale\" content=\"de_DE\" \/>\n<meta property=\"og:type\" content=\"article\" \/>\n<meta property=\"og:title\" content=\"Impressum -\" \/>\n<meta property=\"og:description\" content=\"Impressum Verantwortlich f\u00fcr den Inhalt: Holger\u00a0 Behringer Inh. Ilse Behringer R\u00fcbezahlweg 43 97084 W\u00fcrzburg Tel. 0931 \/ 61 93 453 Fax. 0931 \/ 61 93 483 Mobil. 0172 \/ 66 12 443 Betriebsnummer der Handwerkskammer W\u00fcrzburg 1301739 Betriebshaftpflicht GP8106552 Haftung f\u00fcr Inhalte Die Inhalte unserer Seiten wurden mit gr\u00f6\u00dfter Sorgfalt erstellt. F\u00fcr die Richtigkeit, Vollst\u00e4ndigkeit [&hellip;]\" \/>\n<meta property=\"og:url\" content=\"https:\/\/www.malerbehringer.de\/startseite-firmenschliessung\/impressum\/\" \/>\n<meta property=\"article:modified_time\" content=\"2023-05-11T05:32:34+00:00\" \/>\n<meta name=\"twitter:card\" content=\"summary_large_image\" \/>\n<meta name=\"twitter:label1\" content=\"Gesch\u00e4tzte Lesezeit\" \/>\n\t<meta name=\"twitter:data1\" content=\"3\u00a0Minuten\" \/>\n<script type=\"application\/ld+json\" class=\"yoast-schema-graph\">{\"@context\":\"https:\/\/schema.org\",\"@graph\":[{\"@type\":\"WebPage\",\"@id\":\"https:\/\/www.malerbehringer.de\/startseite-firmenschliessung\/impressum\/\",\"url\":\"https:\/\/www.malerbehringer.de\/startseite-firmenschliessung\/impressum\/\",\"name\":\"Impressum -\",\"isPartOf\":{\"@id\":\"https:\/\/www.malerbehringer.de\/startseite-firmenschliessung\/#website\"},\"datePublished\":\"2016-11-11T09:09:05+00:00\",\"dateModified\":\"2023-05-11T05:32:34+00:00\",\"breadcrumb\":{\"@id\":\"https:\/\/www.malerbehringer.de\/startseite-firmenschliessung\/impressum\/#breadcrumb\"},\"inLanguage\":\"de\",\"potentialAction\":[{\"@type\":\"ReadAction\",\"target\":[\"https:\/\/www.malerbehringer.de\/startseite-firmenschliessung\/impressum\/\"]}]},{\"@type\":\"BreadcrumbList\",\"@id\":\"https:\/\/www.malerbehringer.de\/startseite-firmenschliessung\/impressum\/#breadcrumb\",\"itemListElement\":[{\"@type\":\"ListItem\",\"position\":1,\"name\":\"Startseite\",\"item\":\"https:\/\/www.malerbehringer.de\/startseite-firmenschliessung\/\"},{\"@type\":\"ListItem\",\"position\":2,\"name\":\"Impressum\"}]},{\"@type\":\"WebSite\",\"@id\":\"https:\/\/www.malerbehringer.de\/startseite-firmenschliessung\/#website\",\"url\":\"https:\/\/www.malerbehringer.de\/startseite-firmenschliessung\/\",\"name\":\"\",\"description\":\"\",\"potentialAction\":[{\"@type\":\"SearchAction\",\"target\":{\"@type\":\"EntryPoint\",\"urlTemplate\":\"https:\/\/www.malerbehringer.de\/startseite-firmenschliessung\/?s={search_term_string}\"},\"query-input\":{\"@type\":\"PropertyValueSpecification\",\"valueRequired\":true,\"valueName\":\"search_term_string\"}}],\"inLanguage\":\"de\"}]}<\/script>\n<!-- \/ Yoast SEO plugin. -->","yoast_head_json":{"title":"Impressum -","robots":{"index":"index","follow":"follow","max-snippet":"max-snippet:-1","max-image-preview":"max-image-preview:large","max-video-preview":"max-video-preview:-1"},"canonical":"https:\/\/www.malerbehringer.de\/startseite-firmenschliessung\/impressum\/","og_locale":"de_DE","og_type":"article","og_title":"Impressum -","og_description":"Impressum Verantwortlich f\u00fcr den Inhalt: Holger\u00a0 Behringer Inh. Ilse Behringer R\u00fcbezahlweg 43 97084 W\u00fcrzburg Tel. 0931 \/ 61 93 453 Fax. 0931 \/ 61 93 483 Mobil. 0172 \/ 66 12 443 Betriebsnummer der Handwerkskammer W\u00fcrzburg 1301739 Betriebshaftpflicht GP8106552 Haftung f\u00fcr Inhalte Die Inhalte unserer Seiten wurden mit gr\u00f6\u00dfter Sorgfalt erstellt. F\u00fcr die Richtigkeit, Vollst\u00e4ndigkeit [&hellip;]","og_url":"https:\/\/www.malerbehringer.de\/startseite-firmenschliessung\/impressum\/","article_modified_time":"2023-05-11T05:32:34+00:00","twitter_card":"summary_large_image","twitter_misc":{"Gesch\u00e4tzte Lesezeit":"3\u00a0Minuten"},"schema":{"@context":"https:\/\/schema.org","@graph":[{"@type":"WebPage","@id":"https:\/\/www.malerbehringer.de\/startseite-firmenschliessung\/impressum\/","url":"https:\/\/www.malerbehringer.de\/startseite-firmenschliessung\/impressum\/","name":"Impressum -","isPartOf":{"@id":"https:\/\/www.malerbehringer.de\/startseite-firmenschliessung\/#website"},"datePublished":"2016-11-11T09:09:05+00:00","dateModified":"2023-05-11T05:32:34+00:00","breadcrumb":{"@id":"https:\/\/www.malerbehringer.de\/startseite-firmenschliessung\/impressum\/#breadcrumb"},"inLanguage":"de","potentialAction":[{"@type":"ReadAction","target":["https:\/\/www.malerbehringer.de\/startseite-firmenschliessung\/impressum\/"]}]},{"@type":"BreadcrumbList","@id":"https:\/\/www.malerbehringer.de\/startseite-firmenschliessung\/impressum\/#breadcrumb","itemListElement":[{"@type":"ListItem","position":1,"name":"Startseite","item":"https:\/\/www.malerbehringer.de\/startseite-firmenschliessung\/"},{"@type":"ListItem","position":2,"name":"Impressum"}]},{"@type":"WebSite","@id":"https:\/\/www.malerbehringer.de\/startseite-firmenschliessung\/#website","url":"https:\/\/www.malerbehringer.de\/startseite-firmenschliessung\/","name":"","description":"","potentialAction":[{"@type":"SearchAction","target":{"@type":"EntryPoint","urlTemplate":"https:\/\/www.malerbehringer.de\/startseite-firmenschliessung\/?s={search_term_string}"},"query-input":{"@type":"PropertyValueSpecification","valueRequired":true,"valueName":"search_term_string"}}],"inLanguage":"de"}]}},"_links":{"self":[{"href":"https:\/\/www.malerbehringer.de\/startseite-firmenschliessung\/wp-json\/wp\/v2\/pages\/483"}],"collection":[{"href":"https:\/\/www.malerbehringer.de\/startseite-firmenschliessung\/wp-json\/wp\/v2\/pages"}],"about":[{"href":"https:\/\/www.malerbehringer.de\/startseite-firmenschliessung\/wp-json\/wp\/v2\/types\/page"}],"author":[{"embeddable":true,"href":"https:\/\/www.malerbehringer.de\/startseite-firmenschliessung\/wp-json\/wp\/v2\/users\/4"}],"replies":[{"embeddable":true,"href":"https:\/\/www.malerbehringer.de\/startseite-firmenschliessung\/wp-json\/wp\/v2\/comments?post=483"}],"version-history":[{"count":49,"href":"https:\/\/www.malerbehringer.de\/startseite-firmenschliessung\/wp-json\/wp\/v2\/pages\/483\/revisions"}],"predecessor-version":[{"id":2412,"href":"https:\/\/www.malerbehringer.de\/startseite-firmenschliessung\/wp-json\/wp\/v2\/pages\/483\/revisions\/2412"}],"wp:attachment":[{"href":"https:\/\/www.malerbehringer.de\/startseite-firmenschliessung\/wp-json\/wp\/v2\/media?parent=483"}],"curies":[{"name":"wp","href":"https:\/\/api.w.org\/{rel}","templated":true}]}}